{"id":129,"date":"2023-02-07T08:28:53","date_gmt":"2023-02-07T08:28:53","guid":{"rendered":"https:\/\/www.rumpablic.it\/cookie-policy\/"},"modified":"2023-03-06T15:53:04","modified_gmt":"2023-03-06T15:53:04","slug":"cookie-policy","status":"publish","type":"page","link":"https:\/\/www.rumpablic.it\/it\/cookie-policy\/","title":{"rendered":"Cookie Policy"},"content":{"rendered":"\r\n<h2 class=\"wp-block-heading\"><strong>INFORMATIVA ESTESA SULL\u2019USO DEI COOKIE &#8211; COOKIE POLICY DI QUESTO SITO WEB<\/strong><\/h2>\r\n<p>In conformit\u00e0 con quanto previsto dal provvedimento del Garante per la Protezione dei Dati Personali in tema di &#8220;Individuazione delle modalit\u00e0 semplificate per l&#8217;informativa e l&#8217;acquisizione del consenso per l&#8217;uso di cookie\u201d dell\u20198 maggio 2014, si riporta di seguito l\u2019informativa estesa relativa all\u2019utilizzo dei cookie da parte del sito.<\/p>\r\n<p>&nbsp;<\/p>\r\n<p><strong>INFORMAZIONI SUI COOKIE<\/strong><\/p>\r\n<p><strong>Cosa sono i cookie<\/strong><\/p>\r\n<p>I cookie sono stringhe di testo di piccole dimensioni che i siti visitati dall&#8217;utente inviano al suo dispositivo di visualizzazione, solitamente al browser, dove sono memorizzati per essere poi ritrasmessi agli stessi siti alla successiva visita da parte del medesimo utente. Nel corso della navigazione su un sito l&#8217;utente pu\u00f2 ricevere sul suo dispositivo anche cookie inviati da siti o da web server diversi (c.d. &#8220;terze parti&#8221;), sui quali possono risiedere alcuni elementi, quali ad esempio, immagini, mappe, suoni, specifici link a pagine di altri domini, presenti sul sito che lo stesso sta visitando.<\/p>\r\n<p>I cookie, solitamente presenti nei browser degli utenti in numero elevato e a volte anche con caratteristiche di ampia persistenza temporale, sono usati per differenti finalit\u00e0 come esecuzione di autenticazioni informatiche, monitoraggio di sessioni, memorizzazione di informazioni su specifiche configurazioni riguardanti gli utenti che accedono al server, ecc.<\/p>\r\n<p>&nbsp;<\/p>\r\n<p><strong>Tipologia di cookie<\/strong><\/p>\r\n<p>I cookie si distinguono in due macro-categorie: cookie &#8220;tecnici&#8221; e cookie &#8220;di profilazione&#8221;.<\/p>\r\n<p>&nbsp;<\/p>\r\n<p><strong>Cookie tecnici.<\/strong><\/p>\r\n<p>I cookie tecnici sono quelli utilizzati al solo fine di &#8220;effettuare la trasmissione di una comunicazione su una rete di comunicazione elettronica, o nella misura strettamente necessaria al fornitore di un servizio della societ\u00e0 dell&#8217;informazione esplicitamente richiesto dall&#8217;abbonato o dall&#8217;utente a erogare tale servizio&#8221; (cfr. art. 122, comma 1, del Codice).<\/p>\r\n<p>Essi non sono utilizzati per scopi ulteriori e sono normalmente installati direttamente dal titolare o gestore del sito web. Possono essere suddivisi in cookie di navigazione o di sessione, che garantiscono la normale navigazione e fruizione del sito web (permettendo, ad esempio, di realizzare un acquisto o autenticarsi per accedere ad aree riservate); cookie analytics, assimilati ai cookie tecnici laddove utilizzati direttamente dal gestore del sito per raccogliere informazioni, in forma aggregata, sul numero degli utenti e su come questi visitano il sito stesso; cookie di funzionalit\u00e0, che permettono all&#8217;utente la navigazione in funzione di una serie di criteri selezionati (ad esempio, la lingua, i prodotti selezionati per l&#8217;acquisto) al fine di migliorare il servizio reso allo stesso.<\/p>\r\n<p>Un altro tipo di cookie sono i cosiddetti &#8220;Flash Cookie&#8221; (Local Shared Objects), utilizzati all&#8217;interno di Adobe Flash Player per erogare alcuni contenuti, come video clip o animazioni, in modo da ricordare le impostazioni e preferenze. I Flash cookie sono archiviati sul dispositivo, ma sono gestiti attraverso un\u2019interfaccia differente rispetto a quella fornita dal browser utilizzato.<\/p>\r\n<p>Il sito web di Adobe https:\/\/www.adobe.com\/devnet\/security.html fornisce informazioni su come rimuovere o disattivare i cookies di Flash relativi a un dominio specifico.<\/p>\r\n<p>Per l&#8217;installazione di tali cookie non \u00e8 richiesto il preventivo consenso degli utenti, mentre resta fermo l&#8217;obbligo di dare l&#8217;informativa ai sensi dell&#8217;art. 13 e 14 del Regolamento Europeo (UE) 2016\/679 del 27\/04\/2016\u00a0 , che il gestore del sito, qualora utilizzi soltanto tali dispositivi, potr\u00e0 fornire con le modalit\u00e0 che ritiene pi\u00f9 idonee.<\/p>\r\n<p>&nbsp;<\/p>\r\n<p><strong>Cookie di profilazione.<\/strong><\/p>\r\n<p>I cookie di profilazione sono volti a creare profili relativi all&#8217;utente e sono utilizzati al fine di inviare messaggi pubblicitari in linea con le preferenze manifestate dallo stesso nell&#8217;ambito della navigazione in rete. In ragione della particolare invasivit\u00e0 che tali dispositivi possono avere nell&#8217;ambito della sfera privata degli utenti, le normative europea e italiana prevedono che l&#8217;utente debba essere adeguatamente informato sull&#8217;uso degli stessi ed esprimere cos\u00ec il proprio valido consenso. In particolare ai sensi dell\u2019art. 13 e 22 del Regolamento Europeo (UE) 2016\/679 del 27\/04\/2016 si informa l\u2019interessato che non sono previste conseguenze dovute al trattamento effettuato con i cookie di profilazione.<\/p>\r\n<p>&nbsp;<\/p>\r\n<p><strong>DESCRIZIONE DEI COOKIE UTILIZZATI IN QUESTO SITO<\/strong><\/p>\r\n<script type=\"text\/javascript\" charset=\"UTF-8\"  data-cookiescriptreport=\"report\" src=\"\/\/report.cookie-script.com\/r\/8bc23fb83855f80ebf7ff4358cec7db9.js\"><\/script>\r\n<p>&nbsp;<\/p>\r\n<a href=\"javascript:;\" id=\"csconsentlink\" class=\"btn btn-dark\">Modifica impostazioni cookie<\/a>\r\n<p>&nbsp;<\/p>\r\n<p><strong>COOKIE TECNICI<\/strong><\/p>\r\n<p>Sono i cookie installati dal sito web che l\u2019utente sta visitando. Sono necessari alla navigazione sul sito, consentono di utilizzare le principali funzionalit\u00e0 e di proteggere la connessione, mantengono gli identificativi di sessione e memorizzano le informazioni relative alle autenticazioni.<\/p>\r\n<p>Senza questi cookie, alcune o tutte le funzionalit\u00e0 del sito potrebbero non essere utilizzabili.<\/p>\r\n<p>&nbsp;<\/p>\r\n<p><strong>COOKIE DI TERZE PARTI<\/strong><\/p>\r\n<p>Si descrivono di seguito i cookie di terze parti che potrebbero essere utilizzati dal sito, nonch\u00e9 i link attraverso i quali l\u2019utente pu\u00f2 ricevere maggiori informazioni e richiedere la loro disattivazione.<\/p>\r\n<p>&nbsp;<\/p>\r\n<ul>\r\n<li><strong>GOOGLE FONTS<\/strong><\/li>\r\n<\/ul>\r\n<p>Servizio fornito da Google Inc. &#8211; USA, permette di inglobare nel sito web e visualizzare stili di carattere personalizzati. Per consultare l\u2019informativa privacy della societ\u00e0 Google Inc., titolare autonomo del trattamento dei dati relativi al servizio Google Fonts, si rinvia a questo indirizzo:<\/p>\r\n<p>https:\/\/www.google.it\/intl\/it\/policies\/privacy<\/p>\r\n<p>&nbsp;<\/p>\r\n<ul>\r\n<li><strong>SOCIAL PLUG-IN<\/strong><\/li>\r\n<\/ul>\r\n<p>Questi servizi permettono di effettuare interazioni con i social network, o con altre piattaforme esterne, direttamente dalle pagine di questo spazio online. Le interazioni e le informazioni acquisite da questo spazio online sono in ogni caso soggette alle impostazioni privacy dell\u2019utente relative ad ogni social network. Nel caso in cui sia installato un servizio di interazione con i social network, \u00e8 possibile che, anche nel caso gli utenti non utilizzino il servizio, lo stesso raccolga dati di traffico relativi alle pagine in cui \u00e8 installato. Per consultare l\u2019informativa privacy dei social network, titolari autonomi del trattamento dei dati relativi ai servizi da loro forniti, si rinvia a questi indirizzi:<\/p>\r\n<p>Facebook: https:\/\/www.facebook.com\/about\/privacy<\/p>\r\n<p>Google+: https:\/\/www.google.it\/intl\/it\/policies\/privacy<\/p>\r\n<p>Instagram: https:\/\/www.instagram.com\/about\/legal\/privacy<\/p>\r\n<p>Linkedin: https:\/\/www.linkedin.com\/legal\/privacy-policy<\/p>\r\n<p>Pinterest: https:\/\/about.pinterest.com\/en\/terms-service<\/p>\r\n<p>Slide Share: https:\/\/www.linkedin.com\/legal\/privacy-policy<\/p>\r\n<p>Twitter: https:\/\/twitter.com\/privacy<\/p>\r\n<p>Youtube: https:\/\/www.google.it\/intl\/it\/policies\/privacy<\/p>\r\n<p>&nbsp;<\/p>\r\n<ul>\r\n<li><strong>PIWIK ANALYTICS<\/strong><\/li>\r\n<\/ul>\r\n<p>Piwik utilizza i cookie per identificare e tenere traccia dei visitatori e del loro utilizzo del sito internet. Tutti i dati raccolti sono anonimi ed in forma aggregata. La privacy policy completa \u00e8 visionabile all\u2019indirizzo https:\/\/piwik.org\/privacy<\/p>\r\n<p>Il servizio Piwik rispetta le impostazioni di \u201cDo Not Track\u201d, una tecnologia che consente agli utenti di escludersi dal tracciamento dei siti che visitano. Se l\u2019utente utilizza un browser compatibile con questa tecnologia, deve impostare le preferenze su &#8220;Non voglio essere tracciato&#8221; (Do Not Track).<\/p>\r\n<p>&nbsp;<\/p>\r\n<ul>\r\n<li><strong>GOOGLE MAPS<\/strong><\/li>\r\n<\/ul>\r\n<p>Si tratta di un servizio di mappe fornito da Google Inc. \u2013 USA, che utilizza cookie per memorizzare informazioni e preferenze di visualizzazione, come ad esempio il livello di zoom impostato. L&#8217;informativa e i termini di servizio sono reperibili al seguente link:<\/p>\r\n<p>https:\/\/developers.google.com\/maps\/terms<\/p>\r\n<p>Per consultare l\u2019informativa privacy della societ\u00e0 Google Inc., titolare autonomo del trattamento dei dati relativi al servizio Google Maps, si rinvia a questo indirizzo:<\/p>\r\n<p>https:\/\/www.google.it\/intl\/it\/policies\/privacy<\/p>\r\n<p>&nbsp;<\/p>\r\n<ul>\r\n<li><strong>YOUTUBE<\/strong><\/li>\r\n<\/ul>\r\n<p>Si tratta di un servizio di visualizzazione di contenuti video, gestito da Google Inc. &#8211; USA, che permette di integrare tali contenuti all&#8217;interno delle pagine del sito. L&#8217;informativa e i termini di servizio sono reperibili al seguente link:<\/p>\r\n<p>https:\/\/developers.google.com\/youtube\/terms\/api-services-terms-of-service.<\/p>\r\n<p>Per consultare l\u2019informativa privacy della societ\u00e0 Google Inc., titolare autonomo del trattamento dei dati relativi al servizio Youtube, si rinvia all\u2019indirizzo<\/p>\r\n<p>https:\/\/www.google.it\/intl\/it\/policies\/privacy<\/p>\r\n<p>&nbsp;<\/p>\r\n<ul>\r\n<li><strong>ADD THIS<\/strong><\/li>\r\n<\/ul>\r\n<p>Il servizio, fornito da AddThis &#8211; USA, consente di aggiungere e gestire i pulsanti di alcuni social network, in modo da permettere agli utenti di condividere i contenuti sulle varie piattaforme social. L\u2019utilizzo di tale servizio di condivisione comporta l\u2019installazione di cookie della societ\u00e0 terza che offre il servizio. Per consultare l\u2019informativa privacy di AddThis, titolare autonomo del trattamento dei dati relativi al servizio AddThis, si rinvia all\u2019indirizzo<\/p>\r\n<p>http:\/\/www.addthis.com\/privacy\/privacy-policy<\/p>\r\n<p>Le istruzioni per la disattivazione di AddThis (opt-out) sono reperibili a questo indirizzo:<\/p>\r\n<p>http:\/\/www.addthis.com\/privacy\/opt-out<\/p>\r\n<p>&nbsp;<\/p>\r\n<ul>\r\n<li><strong>MAILCHIMP<\/strong><\/li>\r\n<\/ul>\r\n<p>Il sito ospita form per l\u2019iscrizione newsletter, forniti da Mailchimp. Si tratta di un servizio di invio newsletter, gestito da Rocket Science Group, LLC, &#8211; USA (MailChimp), che fa uso di cookie per raccogliere informazioni statistiche sugli accessi e le visite al sito. Questo cookie raccoglie informazioni in forma anonima, che non consentono l\u2019identificazione personale degli utenti.<\/p>\r\n<p>I termini di servizio sono reperibili al seguente link: https:\/\/mailchimp.com\/legal<\/p>\r\n<p>Per consultare l\u2019informativa privacy di MailChimp, titolare autonomo del trattamento dei dati relativi al servizio MailChimp, si rinvia a questo indirizzo: https:\/\/mailchimp.com\/legal\/privacy<\/p>\r\n<p>&nbsp;<\/p>\r\n<p><strong>CLAUSOLA ESONERATIVA<\/strong><\/p>\r\n<p>L&#8217;esatta natura di alcuni cookies (che, in particolari condizioni, potrebbero essere considerati &#8220;di profilazione&#8221;) potrebbe in futuro essere riconsiderata sulla base dell&#8217;evoluzione nell&#8217;interpretazione delle direttive del Garante: in tale caso, la presente informativa sar\u00e0 opportunamente aggiornata e saranno perfezionati gli ulteriori adempimenti eventualmente previsti.<\/p>\r\n<p>&nbsp;<\/p>\r\n<p><strong>DURATA DEI COOKIE<\/strong><\/p>\r\n<p>I cookie hanno una durata dettata dalla data di scadenza, o da un&#8217;azione specifica come la chiusura del browser, impostata al momento dell&#8217;installazione. I cookie possono essere:<\/p>\r\n<ul>\r\n<li>Temporanei o di sessione (session cookie): sono utilizzati per archiviare informazioni temporanee, consentono di collegare le azioni eseguite durante una sessione specifica e vengono rimossi dal computer alla chiusura del browser;<\/li>\r\n<li>Permanenti (persistent cookie): sono utilizzati per archiviare informazioni, ad esempio il nome e la password di accesso, in modo da evitare che l&#8217;utente debba digitarli nuovamente ogni volta che visita un sito specifico. Questi rimangono memorizzati nel computer anche dopo aver chiuso il browser.<\/li>\r\n<\/ul>\r\n<p>&nbsp;<\/p>\r\n<p><strong>GESTIONE DEI COOKIE \u2013 COME DISABILITARLI<\/strong><\/p>\r\n<p>Nella maggior parte dei browser i cookie sono abilitati all\u2019origine, l&#8217;utente pu\u00f2 decidere se accettarli o meno utilizzando le impostazioni del proprio browser.<\/p>\r\n<p>Se \u00e8 gi\u00e0 stato dato il consenso ma si vogliono cambiare le autorizzazioni dei cookie, bisogna cancellarli attraverso il browser, come indicato sotto, perch\u00e9 in caso contrario quelli gi\u00e0 installati non saranno rimossi. In particolare, si tenga presente che non \u00e8 possibile in alcun modo controllare i cookie di terze parti, quindi se \u00e8 gi\u00e0 stato dato precedentemente il consenso, \u00e8 necessario procedere alla cancellazione dei cookie attraverso il browser (sezione dedicata) oppure chiedendo l&#8217;opt-out direttamente alle terze parti.<\/p>\r\n<p>Per maggiori informazioni, pu\u00f2 essere utile consultare i seguenti siti:<\/p>\r\n<p>&nbsp;<\/p>\r\n<ul>\r\n<li>http:\/\/www.youronlinechoices.com\/it\/le-tue-scelte<\/li>\r\n<li>http:\/\/www.allaboutcookies.org<\/li>\r\n<li>https:\/\/www.cookiechoices.org<\/li>\r\n<li>http:\/\/www.garanteprivacy.it<\/li>\r\n<\/ul>\r\n<p>&nbsp;<\/p>\r\n<p>Per informazioni pi\u00f9 dettagliate in riferimento alle opzioni di disattivazione dei cookie si riporta un elenco di link per la configurazione dei browser pi\u00f9 diffusi.<\/p>\r\n<p>Nel caso non si utilizzi nessuno dei browser elencati, selezionare &#8220;cookie&#8221; nella Guida del browser utilizzato.<\/p>\r\n<ul>\r\n<li><strong>Microsoft Edge per Windows 10<\/strong><\/li>\r\n<\/ul>\r\n<p>https:\/\/privacy.microsoft.com\/it-it\/windows-10-microsoft-edge-and-privacy<\/p>\r\n<ul>\r\n<li><strong>Google Chrome<\/strong><\/li>\r\n<\/ul>\r\n<p>https:\/\/support.google.com\/chrome\/answer\/95647<\/p>\r\n<ul>\r\n<li><strong>Mozilla Firefox<\/strong><\/li>\r\n<\/ul>\r\n<p>https:\/\/support.mozilla.org\/t5\/Cookies-and-cache\/Attivare-e-disattivare-i-cookie\/ta-p\/7656<\/p>\r\n<ul>\r\n<li><strong>Apple Safari<\/strong><\/li>\r\n<\/ul>\r\n<p>https:\/\/support.apple.com\/kb\/ph21411?locale=it_IT<\/p>\r\n<ul>\r\n<li><strong>Opera Software<\/strong><\/li>\r\n<\/ul>\r\n<p>http:\/\/www.opera.com\/blogs\/news\/2015\/08\/how-to-manage-cookies-in-opera\/<\/p>\r\n<p>&nbsp;<\/p>\r\n<p>Si possono anche eliminare tutti i cookie installati nella cartella dei cookie dei browser utilizzati. Ciascun browser presenta procedure diverse per la gestione delle impostazioni, consultare la Guida del browser utilizzato per conoscere le procedure da seguire per la modifica delle impostazioni e l\u2019indirizzo della directory contenente i cookie.<\/p>\r\n","protected":false},"excerpt":{"rendered":"<p>INFORMATIVA ESTESA SULL\u2019USO DEI COOKIE &#8211; COOKIE POLICY DI QUESTO SITO WEB In conformit\u00e0 con quanto previsto dal provvedimento del Garante per la Protezione dei [&hellip;]<\/p>\n","protected":false},"author":1,"featured_media":0,"parent":0,"menu_order":0,"comment_status":"closed","ping_status":"closed","template":"","meta":{"_acf_changed":false,"footnotes":""},"class_list":["post-129","page","type-page","status-publish","hentry"],"acf":[],"yoast_head":"<!-- This site is optimized with the Yoast SEO plugin v27.2 - https:\/\/yoast.com\/product\/yoast-seo-wordpress\/ -->\n<title>Cookie Policy - Rump@blic<\/title>\n<meta name=\"robots\" content=\"index, follow, max-snippet:-1, max-image-preview:large, max-video-preview:-1\" \/>\n<link rel=\"canonical\" href=\"https:\/\/www.rumpablic.it\/it\/cookie-policy\/\" \/>\n<meta property=\"og:locale\" content=\"it_IT\" \/>\n<meta property=\"og:type\" content=\"article\" \/>\n<meta property=\"og:title\" content=\"Cookie Policy - Rump@blic\" \/>\n<meta property=\"og:description\" content=\"INFORMATIVA ESTESA SULL\u2019USO DEI COOKIE &#8211; COOKIE POLICY DI QUESTO SITO WEB In conformit\u00e0 con quanto previsto dal provvedimento del Garante per la Protezione dei [&hellip;]\" \/>\n<meta property=\"og:url\" content=\"https:\/\/www.rumpablic.it\/it\/cookie-policy\/\" \/>\n<meta property=\"og:site_name\" content=\"Rump@blic\" \/>\n<meta property=\"article:modified_time\" content=\"2023-03-06T15:53:04+00:00\" \/>\n<meta property=\"og:image\" content=\"https:\/\/www.rumpablic.it\/wp-content\/uploads\/screen-1200x675-1.png\" \/>\n\t<meta property=\"og:image:width\" content=\"1200\" \/>\n\t<meta property=\"og:image:height\" content=\"675\" \/>\n\t<meta property=\"og:image:type\" content=\"image\/png\" \/>\n<meta name=\"twitter:card\" content=\"summary_large_image\" \/>\n<meta name=\"twitter:label1\" content=\"Tempo di lettura stimato\" \/>\n\t<meta name=\"twitter:data1\" content=\"8 minuti\" \/>\n<script type=\"application\/ld+json\" class=\"yoast-schema-graph\">{\"@context\":\"https:\/\/schema.org\",\"@graph\":[{\"@type\":\"Organization\",\"@id\":\"https:\/\/www.rumpablic.it\/#organization\",\"name\":\"Rump@blic\",\"url\":\"https:\/\/www.rumpablic.it\/\",\"logo\":{\"@type\":\"ImageObject\",\"inLanguage\":\"it-IT\",\"@id\":\"https:\/\/www.rumpablic.it\/#\/schema\/logo\/image\/\",\"url\":\"https:\/\/www.rumpablic.it\/wp-content\/uploads\/logo-696x969-2.png\",\"contentUrl\":\"https:\/\/www.rumpablic.it\/wp-content\/uploads\/logo-696x969-2.png\",\"width\":696,\"height\":696,\"caption\":\"Rump@blic\"},\"image\":{\"@id\":\"https:\/\/www.rumpablic.it\/#\/schema\/logo\/image\/\"}}]}<\/script>\n<!-- \/ Yoast SEO plugin. -->","yoast_head_json":{"title":"Cookie Policy - Rump@blic","robots":{"index":"index","follow":"follow","max-snippet":"max-snippet:-1","max-image-preview":"max-image-preview:large","max-video-preview":"max-video-preview:-1"},"canonical":"https:\/\/www.rumpablic.it\/it\/cookie-policy\/","og_locale":"it_IT","og_type":"article","og_title":"Cookie Policy - Rump@blic","og_description":"INFORMATIVA ESTESA SULL\u2019USO DEI COOKIE &#8211; COOKIE POLICY DI QUESTO SITO WEB In conformit\u00e0 con quanto previsto dal provvedimento del Garante per la Protezione dei [&hellip;]","og_url":"https:\/\/www.rumpablic.it\/it\/cookie-policy\/","og_site_name":"Rump@blic","article_modified_time":"2023-03-06T15:53:04+00:00","og_image":[{"width":1200,"height":675,"url":"https:\/\/www.rumpablic.it\/wp-content\/uploads\/screen-1200x675-1.png","type":"image\/png"}],"twitter_card":"summary_large_image","twitter_misc":{"Tempo di lettura stimato":"8 minuti"},"schema":{"@context":"https:\/\/schema.org","@graph":[{"@type":"Organization","@id":"https:\/\/www.rumpablic.it\/#organization","name":"Rump@blic","url":"https:\/\/www.rumpablic.it\/","logo":{"@type":"ImageObject","inLanguage":"it-IT","@id":"https:\/\/www.rumpablic.it\/#\/schema\/logo\/image\/","url":"https:\/\/www.rumpablic.it\/wp-content\/uploads\/logo-696x969-2.png","contentUrl":"https:\/\/www.rumpablic.it\/wp-content\/uploads\/logo-696x969-2.png","width":696,"height":696,"caption":"Rump@blic"},"image":{"@id":"https:\/\/www.rumpablic.it\/#\/schema\/logo\/image\/"}}]}},"_links":{"self":[{"href":"https:\/\/www.rumpablic.it\/it\/wp-json\/wp\/v2\/pages\/129","targetHints":{"allow":["GET"]}}],"collection":[{"href":"https:\/\/www.rumpablic.it\/it\/wp-json\/wp\/v2\/pages"}],"about":[{"href":"https:\/\/www.rumpablic.it\/it\/wp-json\/wp\/v2\/types\/page"}],"author":[{"embeddable":true,"href":"https:\/\/www.rumpablic.it\/it\/wp-json\/wp\/v2\/users\/1"}],"replies":[{"embeddable":true,"href":"https:\/\/www.rumpablic.it\/it\/wp-json\/wp\/v2\/comments?post=129"}],"version-history":[{"count":6,"href":"https:\/\/www.rumpablic.it\/it\/wp-json\/wp\/v2\/pages\/129\/revisions"}],"predecessor-version":[{"id":205,"href":"https:\/\/www.rumpablic.it\/it\/wp-json\/wp\/v2\/pages\/129\/revisions\/205"}],"wp:attachment":[{"href":"https:\/\/www.rumpablic.it\/it\/wp-json\/wp\/v2\/media?parent=129"}],"curies":[{"name":"wp","href":"https:\/\/api.w.org\/{rel}","templated":true}]}}